{"id":230,"date":"2025-11-26T22:51:35","date_gmt":"2025-11-26T21:51:35","guid":{"rendered":"https:\/\/bierebonnenouvelle.fr\/?page_id=230"},"modified":"2026-02-08T17:49:36","modified_gmt":"2026-02-08T16:49:36","slug":"journal","status":"publish","type":"page","link":"https:\/\/bierebonnenouvelle.fr\/index.php\/journal\/","title":{"rendered":"Journal"},"content":{"rendered":"\t\t<div data-elementor-type=\"wp-page\" data-elementor-id=\"230\" class=\"elementor elementor-230\">\n\t\t\t\t<div class=\"elementor-element elementor-element-3d11150d e-flex e-con-boxed e-con e-parent\" data-id=\"3d11150d\" data-element_type=\"container\">\n\t\t\t\t\t<div class=\"e-con-inner\">\n\t\t\t\t<div class=\"elementor-element elementor-element-9311b55 elementor-widget elementor-widget-image\" data-id=\"9311b55\" data-element_type=\"widget\" data-widget_type=\"image.default\">\n\t\t\t\t\t\t\t\t\t\t\t\t\t\t\t<img  title=\"\" fetchpriority=\"high\" decoding=\"async\" width=\"696\" height=\"984\" src=\"https:\/\/bierebonnenouvelle.fr\/wp-content\/uploads\/2025\/11\/2-724x1024.jpg\" class=\"attachment-large size-large wp-image-255\"  alt=\"2-724x1024 Journal\"  srcset=\"https:\/\/bierebonnenouvelle.fr\/wp-content\/uploads\/2025\/11\/2-724x1024.jpg 724w, https:\/\/bierebonnenouvelle.fr\/wp-content\/uploads\/2025\/11\/2-212x300.jpg 212w, https:\/\/bierebonnenouvelle.fr\/wp-content\/uploads\/2025\/11\/2-768x1086.jpg 768w, https:\/\/bierebonnenouvelle.fr\/wp-content\/uploads\/2025\/11\/2-1086x1536.jpg 1086w, https:\/\/bierebonnenouvelle.fr\/wp-content\/uploads\/2025\/11\/2.jpg 1190w\" sizes=\"(max-width: 696px) 100vw, 696px\" \/>\t\t\t\t\t\t\t\t\t\t\t\t\t\t\t<\/div>\n\t\t\t\t<div class=\"elementor-element elementor-element-b181287 elementor-widget elementor-widget-video\" data-id=\"b181287\" data-element_type=\"widget\" data-settings=\"{&quot;youtube_url&quot;:&quot;https:\\\/\\\/www.youtube.com\\\/watch?v=EE0ghxagZTw&quot;,&quot;video_type&quot;:&quot;youtube&quot;,&quot;controls&quot;:&quot;yes&quot;}\" data-widget_type=\"video.default\">\n\t\t\t\t\t\t\t<div class=\"elementor-wrapper elementor-open-inline\">\n\t\t\t<div class=\"elementor-video\"><\/div>\t\t<\/div>\n\t\t\t\t\t\t<\/div>\n\t\t\t\t<div class=\"elementor-element elementor-element-20d8417 elementor-widget elementor-widget-text-editor\" data-id=\"20d8417\" data-element_type=\"widget\" data-widget_type=\"text-editor.default\">\n\t\t\t\t\t\t\t\t\t<p>\u00ab\u00a0Voil\u00e0 c\u2019\u00e9tait \u00e0 peu pr\u00e8s le mien, mais tout \u00e7a c\u2019est tr\u00e8s personnel.<\/p><p>Tout le monde devrait \u00e9crire le sien, son petit journal des bonnes nouvelles!\u00a0\u00bb<\/p><p class=\"p1\">Un grand merci \u00e0 C\u00e9dric Gervy pour le partage de cette belle chanson, \u00e0 l\u2019occasion de la parution de notre premier journal des bonnes nouvelles.<\/p><p class=\"p1\">Alors n\u2019h\u00e9sitez pas \u00e0 suivre son conseil, \u00e9crivez le v\u00f4tre, et proposez-nous vos cr\u00e9ations, \u00e0 para\u00eetre dans une prochaine \u00e9dition\u2026<\/p>\t\t\t\t\t\t\t\t<\/div>\n\t\t\t\t<div class=\"elementor-element elementor-element-f1a11e6 elementor-widget elementor-widget-image\" data-id=\"f1a11e6\" data-element_type=\"widget\" data-widget_type=\"image.default\">\n\t\t\t\t\t\t\t\t\t\t\t\t\t\t\t<img  title=\"\" decoding=\"async\" width=\"696\" height=\"984\" src=\"https:\/\/bierebonnenouvelle.fr\/wp-content\/uploads\/2025\/11\/0-1-724x1024.jpg\" class=\"attachment-large size-large wp-image-293\"  alt=\"0-1-724x1024 Journal\"  srcset=\"https:\/\/bierebonnenouvelle.fr\/wp-content\/uploads\/2025\/11\/0-1-724x1024.jpg 724w, https:\/\/bierebonnenouvelle.fr\/wp-content\/uploads\/2025\/11\/0-1-212x300.jpg 212w, https:\/\/bierebonnenouvelle.fr\/wp-content\/uploads\/2025\/11\/0-1-768x1086.jpg 768w, https:\/\/bierebonnenouvelle.fr\/wp-content\/uploads\/2025\/11\/0-1-100x141.jpg 100w, https:\/\/bierebonnenouvelle.fr\/wp-content\/uploads\/2025\/11\/0-1-1086x1536.jpg 1086w, https:\/\/bierebonnenouvelle.fr\/wp-content\/uploads\/2025\/11\/0-1.jpg 1190w\" sizes=\"(max-width: 696px) 100vw, 696px\" \/>\t\t\t\t\t\t\t\t\t\t\t\t\t\t\t<\/div>\n\t\t\t\t<div class=\"elementor-element elementor-element-f3c5073 elementor-widget elementor-widget-image\" data-id=\"f3c5073\" data-element_type=\"widget\" data-widget_type=\"image.default\">\n\t\t\t\t\t\t\t\t\t\t\t\t\t\t\t<img  title=\"\" decoding=\"async\" width=\"696\" height=\"984\" src=\"https:\/\/bierebonnenouvelle.fr\/wp-content\/uploads\/2025\/11\/0-724x1024.jpg\" class=\"attachment-large size-large wp-image-253\"  alt=\"0-724x1024 Journal\"  srcset=\"https:\/\/bierebonnenouvelle.fr\/wp-content\/uploads\/2025\/11\/0-724x1024.jpg 724w, https:\/\/bierebonnenouvelle.fr\/wp-content\/uploads\/2025\/11\/0-212x300.jpg 212w, https:\/\/bierebonnenouvelle.fr\/wp-content\/uploads\/2025\/11\/0-768x1086.jpg 768w, https:\/\/bierebonnenouvelle.fr\/wp-content\/uploads\/2025\/11\/0-1086x1536.jpg 1086w, https:\/\/bierebonnenouvelle.fr\/wp-content\/uploads\/2025\/11\/0.jpg 1190w\" sizes=\"(max-width: 696px) 100vw, 696px\" \/>\t\t\t\t\t\t\t\t\t\t\t\t\t\t\t<\/div>\n\t\t\t\t<div class=\"elementor-element elementor-element-c34edb0 elementor-widget elementor-widget-image\" data-id=\"c34edb0\" data-element_type=\"widget\" data-widget_type=\"image.default\">\n\t\t\t\t\t\t\t\t\t\t\t\t\t\t\t<img  title=\"\" loading=\"lazy\" decoding=\"async\" width=\"696\" height=\"984\" src=\"https:\/\/bierebonnenouvelle.fr\/wp-content\/uploads\/2025\/11\/0-1-1-724x1024.jpg\" class=\"attachment-large size-large wp-image-294\"  alt=\"0-1-1-724x1024 Journal\"  srcset=\"https:\/\/bierebonnenouvelle.fr\/wp-content\/uploads\/2025\/11\/0-1-1-724x1024.jpg 724w, https:\/\/bierebonnenouvelle.fr\/wp-content\/uploads\/2025\/11\/0-1-1-212x300.jpg 212w, https:\/\/bierebonnenouvelle.fr\/wp-content\/uploads\/2025\/11\/0-1-1-768x1086.jpg 768w, https:\/\/bierebonnenouvelle.fr\/wp-content\/uploads\/2025\/11\/0-1-1-100x141.jpg 100w, https:\/\/bierebonnenouvelle.fr\/wp-content\/uploads\/2025\/11\/0-1-1-1086x1536.jpg 1086w, https:\/\/bierebonnenouvelle.fr\/wp-content\/uploads\/2025\/11\/0-1-1.jpg 1190w\" sizes=\"(max-width: 696px) 100vw, 696px\" \/>\t\t\t\t\t\t\t\t\t\t\t\t\t\t\t<\/div>\n\t\t\t\t<div class=\"elementor-element elementor-element-5dcc5fc elementor-widget elementor-widget-image\" data-id=\"5dcc5fc\" data-element_type=\"widget\" data-widget_type=\"image.default\">\n\t\t\t\t\t\t\t\t\t\t\t\t\t\t\t<img  title=\"\" loading=\"lazy\" decoding=\"async\" width=\"1022\" height=\"1442\" src=\"https:\/\/bierebonnenouvelle.fr\/wp-content\/uploads\/2026\/02\/Capture-decran-2026-02-08-a-17.46.28.jpg\" class=\"attachment-1536x1536 size-1536x1536 wp-image-436\"  alt=\"Capture-decran-2026-02-08-a-17.46.28 Journal\"  srcset=\"https:\/\/bierebonnenouvelle.fr\/wp-content\/uploads\/2026\/02\/Capture-decran-2026-02-08-a-17.46.28.jpg 1022w, https:\/\/bierebonnenouvelle.fr\/wp-content\/uploads\/2026\/02\/Capture-decran-2026-02-08-a-17.46.28-213x300.jpg 213w, https:\/\/bierebonnenouvelle.fr\/wp-content\/uploads\/2026\/02\/Capture-decran-2026-02-08-a-17.46.28-726x1024.jpg 726w, https:\/\/bierebonnenouvelle.fr\/wp-content\/uploads\/2026\/02\/Capture-decran-2026-02-08-a-17.46.28-768x1084.jpg 768w, https:\/\/bierebonnenouvelle.fr\/wp-content\/uploads\/2026\/02\/Capture-decran-2026-02-08-a-17.46.28-100x141.jpg 100w\" sizes=\"(max-width: 1022px) 100vw, 1022px\" \/>\t\t\t\t\t\t\t\t\t\t\t\t\t\t\t<\/div>\n\t\t\t\t<div class=\"elementor-element elementor-element-508aa14 elementor-widget elementor-widget-image\" data-id=\"508aa14\" data-element_type=\"widget\" data-widget_type=\"image.default\">\n\t\t\t\t\t\t\t\t\t\t\t\t\t\t\t<img  title=\"\" loading=\"lazy\" decoding=\"async\" width=\"696\" height=\"984\" src=\"https:\/\/bierebonnenouvelle.fr\/wp-content\/uploads\/2025\/11\/0-2-724x1024.jpg\" class=\"attachment-large size-large wp-image-300\"  alt=\"0-2-724x1024 Journal\"  srcset=\"https:\/\/bierebonnenouvelle.fr\/wp-content\/uploads\/2025\/11\/0-2-724x1024.jpg 724w, https:\/\/bierebonnenouvelle.fr\/wp-content\/uploads\/2025\/11\/0-2-212x300.jpg 212w, https:\/\/bierebonnenouvelle.fr\/wp-content\/uploads\/2025\/11\/0-2-768x1086.jpg 768w, https:\/\/bierebonnenouvelle.fr\/wp-content\/uploads\/2025\/11\/0-2-100x141.jpg 100w, https:\/\/bierebonnenouvelle.fr\/wp-content\/uploads\/2025\/11\/0-2-1086x1536.jpg 1086w, https:\/\/bierebonnenouvelle.fr\/wp-content\/uploads\/2025\/11\/0-2.jpg 1190w\" sizes=\"(max-width: 696px) 100vw, 696px\" \/>\t\t\t\t\t\t\t\t\t\t\t\t\t\t\t<\/div>\n\t\t\t\t\t<\/div>\n\t\t\t\t<\/div>\n\t\t<div class=\"elementor-element elementor-element-56c77fa e-flex e-con-boxed e-con e-parent\" data-id=\"56c77fa\" data-element_type=\"container\">\n\t\t\t\t\t<div class=\"e-con-inner\">\n\t\t\t\t<div class=\"elementor-element elementor-element-08bb3db elementor-widget elementor-widget-image\" data-id=\"08bb3db\" data-element_type=\"widget\" data-widget_type=\"image.default\">\n\t\t\t\t\t\t\t\t\t\t\t\t\t\t\t<img  title=\"\" loading=\"lazy\" decoding=\"async\" width=\"696\" height=\"984\" src=\"https:\/\/bierebonnenouvelle.fr\/wp-content\/uploads\/2025\/11\/0-3-724x1024.jpg\" class=\"attachment-large size-large wp-image-301\"  alt=\"0-3-724x1024 Journal\"  srcset=\"https:\/\/bierebonnenouvelle.fr\/wp-content\/uploads\/2025\/11\/0-3-724x1024.jpg 724w, https:\/\/bierebonnenouvelle.fr\/wp-content\/uploads\/2025\/11\/0-3-212x300.jpg 212w, https:\/\/bierebonnenouvelle.fr\/wp-content\/uploads\/2025\/11\/0-3-768x1086.jpg 768w, https:\/\/bierebonnenouvelle.fr\/wp-content\/uploads\/2025\/11\/0-3-100x141.jpg 100w, https:\/\/bierebonnenouvelle.fr\/wp-content\/uploads\/2025\/11\/0-3-1086x1536.jpg 1086w, https:\/\/bierebonnenouvelle.fr\/wp-content\/uploads\/2025\/11\/0-3.jpg 1190w\" sizes=\"(max-width: 696px) 100vw, 696px\" \/>\t\t\t\t\t\t\t\t\t\t\t\t\t\t\t<\/div>\n\t\t\t\t<div class=\"elementor-element elementor-element-17e0c49 elementor-widget elementor-widget-image\" data-id=\"17e0c49\" data-element_type=\"widget\" data-widget_type=\"image.default\">\n\t\t\t\t\t\t\t\t\t\t\t\t\t\t\t<img  title=\"\" loading=\"lazy\" decoding=\"async\" width=\"696\" height=\"984\" src=\"https:\/\/bierebonnenouvelle.fr\/wp-content\/uploads\/2025\/11\/6-724x1024.jpg\" class=\"attachment-large size-large wp-image-259\"  alt=\"6-724x1024 Journal\"  srcset=\"https:\/\/bierebonnenouvelle.fr\/wp-content\/uploads\/2025\/11\/6-724x1024.jpg 724w, https:\/\/bierebonnenouvelle.fr\/wp-content\/uploads\/2025\/11\/6-212x300.jpg 212w, https:\/\/bierebonnenouvelle.fr\/wp-content\/uploads\/2025\/11\/6-768x1086.jpg 768w, https:\/\/bierebonnenouvelle.fr\/wp-content\/uploads\/2025\/11\/6-1086x1536.jpg 1086w, https:\/\/bierebonnenouvelle.fr\/wp-content\/uploads\/2025\/11\/6.jpg 1190w\" sizes=\"(max-width: 696px) 100vw, 696px\" \/>\t\t\t\t\t\t\t\t\t\t\t\t\t\t\t<\/div>\n\t\t\t\t<div class=\"elementor-element elementor-element-27b27ed elementor-widget elementor-widget-image\" data-id=\"27b27ed\" data-element_type=\"widget\" data-widget_type=\"image.default\">\n\t\t\t\t\t\t\t\t\t\t\t\t\t\t\t<img  title=\"\" loading=\"lazy\" decoding=\"async\" width=\"696\" height=\"984\" src=\"https:\/\/bierebonnenouvelle.fr\/wp-content\/uploads\/2025\/11\/1-724x1024.jpg\" class=\"attachment-large size-large wp-image-254\"  alt=\"1-724x1024 Journal\"  srcset=\"https:\/\/bierebonnenouvelle.fr\/wp-content\/uploads\/2025\/11\/1-724x1024.jpg 724w, https:\/\/bierebonnenouvelle.fr\/wp-content\/uploads\/2025\/11\/1-212x300.jpg 212w, https:\/\/bierebonnenouvelle.fr\/wp-content\/uploads\/2025\/11\/1-768x1086.jpg 768w, https:\/\/bierebonnenouvelle.fr\/wp-content\/uploads\/2025\/11\/1-1086x1536.jpg 1086w, https:\/\/bierebonnenouvelle.fr\/wp-content\/uploads\/2025\/11\/1.jpg 1190w\" sizes=\"(max-width: 696px) 100vw, 696px\" \/>\t\t\t\t\t\t\t\t\t\t\t\t\t\t\t<\/div>\n\t\t\t\t<div class=\"elementor-element elementor-element-dd36f92 elementor-widget elementor-widget-image\" data-id=\"dd36f92\" data-element_type=\"widget\" data-widget_type=\"image.default\">\n\t\t\t\t\t\t\t\t\t\t\t\t\t\t\t<img  title=\"\" loading=\"lazy\" decoding=\"async\" width=\"696\" height=\"984\" src=\"https:\/\/bierebonnenouvelle.fr\/wp-content\/uploads\/2025\/11\/4-724x1024.jpg\" class=\"attachment-large size-large wp-image-257\"  alt=\"4-724x1024 Journal\"  srcset=\"https:\/\/bierebonnenouvelle.fr\/wp-content\/uploads\/2025\/11\/4-724x1024.jpg 724w, https:\/\/bierebonnenouvelle.fr\/wp-content\/uploads\/2025\/11\/4-212x300.jpg 212w, https:\/\/bierebonnenouvelle.fr\/wp-content\/uploads\/2025\/11\/4-768x1086.jpg 768w, https:\/\/bierebonnenouvelle.fr\/wp-content\/uploads\/2025\/11\/4-1086x1536.jpg 1086w, https:\/\/bierebonnenouvelle.fr\/wp-content\/uploads\/2025\/11\/4.jpg 1190w\" sizes=\"(max-width: 696px) 100vw, 696px\" \/>\t\t\t\t\t\t\t\t\t\t\t\t\t\t\t<\/div>\n\t\t\t\t<div class=\"elementor-element elementor-element-73e1e69 elementor-widget elementor-widget-image\" data-id=\"73e1e69\" data-element_type=\"widget\" data-widget_type=\"image.default\">\n\t\t\t\t\t\t\t\t\t\t\t\t\t\t\t<img  title=\"\" loading=\"lazy\" decoding=\"async\" width=\"696\" height=\"984\" src=\"https:\/\/bierebonnenouvelle.fr\/wp-content\/uploads\/2025\/11\/3-724x1024.jpg\" class=\"attachment-large size-large wp-image-256\"  alt=\"3-724x1024 Journal\"  srcset=\"https:\/\/bierebonnenouvelle.fr\/wp-content\/uploads\/2025\/11\/3-724x1024.jpg 724w, https:\/\/bierebonnenouvelle.fr\/wp-content\/uploads\/2025\/11\/3-212x300.jpg 212w, https:\/\/bierebonnenouvelle.fr\/wp-content\/uploads\/2025\/11\/3-768x1086.jpg 768w, https:\/\/bierebonnenouvelle.fr\/wp-content\/uploads\/2025\/11\/3-1086x1536.jpg 1086w, https:\/\/bierebonnenouvelle.fr\/wp-content\/uploads\/2025\/11\/3.jpg 1190w\" sizes=\"(max-width: 696px) 100vw, 696px\" \/>\t\t\t\t\t\t\t\t\t\t\t\t\t\t\t<\/div>\n\t\t\t\t\t<\/div>\n\t\t\t\t<\/div>\n\t\t<div class=\"elementor-element elementor-element-a806add e-flex e-con-boxed e-con e-parent\" data-id=\"a806add\" data-element_type=\"container\">\n\t\t\t\t\t<div class=\"e-con-inner\">\n\t\t\t\t<div class=\"elementor-element elementor-element-de321c2 elementor-widget elementor-widget-image\" data-id=\"de321c2\" data-element_type=\"widget\" data-widget_type=\"image.default\">\n\t\t\t\t\t\t\t\t\t\t\t\t\t\t\t<img  title=\"\" loading=\"lazy\" decoding=\"async\" width=\"696\" height=\"984\" src=\"https:\/\/bierebonnenouvelle.fr\/wp-content\/uploads\/2025\/11\/7-724x1024.jpg\" class=\"attachment-large size-large wp-image-260\"  alt=\"7-724x1024 Journal\"  srcset=\"https:\/\/bierebonnenouvelle.fr\/wp-content\/uploads\/2025\/11\/7-724x1024.jpg 724w, https:\/\/bierebonnenouvelle.fr\/wp-content\/uploads\/2025\/11\/7-212x300.jpg 212w, https:\/\/bierebonnenouvelle.fr\/wp-content\/uploads\/2025\/11\/7-768x1086.jpg 768w, https:\/\/bierebonnenouvelle.fr\/wp-content\/uploads\/2025\/11\/7-1086x1536.jpg 1086w, https:\/\/bierebonnenouvelle.fr\/wp-content\/uploads\/2025\/11\/7.jpg 1190w\" sizes=\"(max-width: 696px) 100vw, 696px\" \/>\t\t\t\t\t\t\t\t\t\t\t\t\t\t\t<\/div>\n\t\t\t\t<div class=\"elementor-element elementor-element-6234d7c elementor-widget elementor-widget-image\" data-id=\"6234d7c\" data-element_type=\"widget\" data-widget_type=\"image.default\">\n\t\t\t\t\t\t\t\t\t\t\t\t\t\t\t<img  title=\"\" loading=\"lazy\" decoding=\"async\" width=\"696\" height=\"984\" src=\"https:\/\/bierebonnenouvelle.fr\/wp-content\/uploads\/2025\/11\/8-724x1024.jpg\" class=\"attachment-large size-large wp-image-261\"  alt=\"8-724x1024 Journal\"  srcset=\"https:\/\/bierebonnenouvelle.fr\/wp-content\/uploads\/2025\/11\/8-724x1024.jpg 724w, https:\/\/bierebonnenouvelle.fr\/wp-content\/uploads\/2025\/11\/8-212x300.jpg 212w, https:\/\/bierebonnenouvelle.fr\/wp-content\/uploads\/2025\/11\/8-768x1086.jpg 768w, https:\/\/bierebonnenouvelle.fr\/wp-content\/uploads\/2025\/11\/8-1086x1536.jpg 1086w, https:\/\/bierebonnenouvelle.fr\/wp-content\/uploads\/2025\/11\/8.jpg 1190w\" sizes=\"(max-width: 696px) 100vw, 696px\" \/>\t\t\t\t\t\t\t\t\t\t\t\t\t\t\t<\/div>\n\t\t\t\t\t<\/div>\n\t\t\t\t<\/div>\n\t\t\t\t<\/div>\n\t\t","protected":false},"excerpt":{"rendered":"<p>https:\/\/www.youtube.com\/watch?v=EE0ghxagZTw \u00ab\u00a0Voil\u00e0 c\u2019\u00e9tait \u00e0 peu pr\u00e8s le mien, mais tout \u00e7a c\u2019est tr\u00e8s personnel. Tout le monde devrait \u00e9crire le sien, son petit journal des bonnes nouvelles!\u00a0\u00bb Un grand merci \u00e0 C\u00e9dric Gervy pour le partage de cette belle chanson, \u00e0 l\u2019occasion de la parution de notre premier journal des bonnes nouvelles. Alors n\u2019h\u00e9sitez pas<\/p><\/div>\n<div class=\"blog-btn\"><a href=\"https:\/\/bierebonnenouvelle.fr\/index.php\/journal\/\" class=\"home-blog-btn\">Lire la suite<\/a><\/p>\n","protected":false},"author":1,"featured_media":0,"parent":0,"menu_order":0,"comment_status":"closed","ping_status":"closed","template":"","meta":{"footnotes":""},"class_list":["post-230","page","type-page","status-publish","hentry"],"_links":{"self":[{"href":"https:\/\/bierebonnenouvelle.fr\/index.php\/wp-json\/wp\/v2\/pages\/230","targetHints":{"allow":["GET"]}}],"collection":[{"href":"https:\/\/bierebonnenouvelle.fr\/index.php\/wp-json\/wp\/v2\/pages"}],"about":[{"href":"https:\/\/bierebonnenouvelle.fr\/index.php\/wp-json\/wp\/v2\/types\/page"}],"author":[{"embeddable":true,"href":"https:\/\/bierebonnenouvelle.fr\/index.php\/wp-json\/wp\/v2\/users\/1"}],"replies":[{"embeddable":true,"href":"https:\/\/bierebonnenouvelle.fr\/index.php\/wp-json\/wp\/v2\/comments?post=230"}],"version-history":[{"count":47,"href":"https:\/\/bierebonnenouvelle.fr\/index.php\/wp-json\/wp\/v2\/pages\/230\/revisions"}],"predecessor-version":[{"id":442,"href":"https:\/\/bierebonnenouvelle.fr\/index.php\/wp-json\/wp\/v2\/pages\/230\/revisions\/442"}],"wp:attachment":[{"href":"https:\/\/bierebonnenouvelle.fr\/index.php\/wp-json\/wp\/v2\/media?parent=230"}],"curies":[{"name":"wp","href":"https:\/\/api.w.org\/{rel}","templated":true}]}}