{"id":156,"date":"2025-11-26T20:54:20","date_gmt":"2025-11-26T19:54:20","guid":{"rendered":"http:\/\/bierebonnenouvelle.fr\/?page_id=156"},"modified":"2025-11-30T22:03:42","modified_gmt":"2025-11-30T21:03:42","slug":"biere-bonne-nouvelle","status":"publish","type":"page","link":"https:\/\/bierebonnenouvelle.fr\/","title":{"rendered":"Accueil"},"content":{"rendered":"\t\t<div data-elementor-type=\"wp-page\" data-elementor-id=\"156\" class=\"elementor elementor-156\">\n\t\t\t\t<div class=\"elementor-element elementor-element-6dcd3747 e-flex e-con-boxed e-con e-parent\" data-id=\"6dcd3747\" data-element_type=\"container\">\n\t\t\t\t\t<div class=\"e-con-inner\">\n\t\t\t\t<div class=\"elementor-element elementor-element-db091e2 elementor-widget elementor-widget-heading\" data-id=\"db091e2\" data-element_type=\"widget\" data-widget_type=\"heading.default\">\n\t\t\t\t\t<h2 class=\"elementor-heading-title elementor-size-default\"><span style=\"font-weight: bolder;font-size: 1.875rem;text-align: center\">Bienvenue dans l'univers des bonnes nouvelles !<\/span><\/h2>\t\t\t\t<\/div>\n\t\t\t\t<div class=\"elementor-element elementor-element-3a2fcb4a elementor-widget elementor-widget-text-editor\" data-id=\"3a2fcb4a\" data-element_type=\"widget\" data-widget_type=\"text-editor.default\">\n\t\t\t\t\t\t\t\t\t<h2 class=\"wp-block-heading has-text-align-center\"><strong><img  title=\"\" decoding=\"async\" class=\"wp-image-372 aligncenter\" src=\"http:\/\/bierebonnenouvelle.fr\/wp-content\/uploads\/2025\/11\/Capture-decran-2025-11-30-a-21.57.33-285x300.png\"  alt=\"Capture-decran-2025-11-30-a-21.57.33-285x300 Accueil\"  width=\"172\" height=\"181\" srcset=\"https:\/\/bierebonnenouvelle.fr\/wp-content\/uploads\/2025\/11\/Capture-decran-2025-11-30-a-21.57.33-285x300.png 285w, https:\/\/bierebonnenouvelle.fr\/wp-content\/uploads\/2025\/11\/Capture-decran-2025-11-30-a-21.57.33-768x809.png 768w, https:\/\/bierebonnenouvelle.fr\/wp-content\/uploads\/2025\/11\/Capture-decran-2025-11-30-a-21.57.33-100x105.png 100w, https:\/\/bierebonnenouvelle.fr\/wp-content\/uploads\/2025\/11\/Capture-decran-2025-11-30-a-21.57.33.png 780w\" sizes=\"(max-width: 172px) 100vw, 172px\" \/><\/strong><\/h2>\n<p><!-- \/wp:heading --><!-- wp:group {\"layout\":{\"type\":\"constrained\"}} --><\/p>\n<div class=\"wp-block-group\">\n<p><!-- wp:group {\"layout\":{\"type\":\"constrained\"}} --><\/p>\n<div class=\"wp-block-group\">\n<p><!-- wp:paragraph {\"align\":\"center\"} --><\/p>\n<p><strong>Notre id\u00e9e notre id\u00e9al<\/strong><\/p>\n<p class=\"has-text-align-center\">Cr\u00e9er notre journal diffus\u00e9 par le partage de notre<br \/>bi\u00e8re<\/p>\n<p><!-- \/wp:paragraph --><!-- wp:paragraph {\"align\":\"center\"} --><\/p>\n<p class=\"has-text-align-center\">D\u00e9couvrez notre journal qui c\u00e9l\u00e8bre le positif,<br \/>accompagn\u00e9 de sa bi\u00e8re artisanale brass\u00e9e avec<br \/>passion. Parce que chaque bonne nouvelle m\u00e9rite<br \/>d\u2019\u00eatre c\u00e9l\u00e9br\u00e9e.<\/p>\n<p><!-- \/wp:paragraph --><!-- wp:paragraph {\"align\":\"center\"} --><\/p>\n<p class=\"has-text-align-center\">Dans un monde satur\u00e9 d&rsquo;informations anxiog\u00e8nes,<br \/>nous avons cr\u00e9\u00e9 un espace d\u00e9di\u00e9 aux bonnes<br \/>nouvelles. Chaque journal est \u00e9dit\u00e9 comme la bi\u00e8re<br \/>est brass\u00e9e : avec soin, authenticit\u00e9, cr\u00e9ativit\u00e9, avec<br \/>la volont\u00e9 de cr\u00e9er des moments de partage et de<br \/>donner le sourire.<\/p>\n<p><!-- \/wp:paragraph --><!-- wp:paragraph {\"align\":\"center\"} --><\/p>\n<p class=\"has-text-align-center\">Parcourez nos \u00e9ditions, d\u00e9couvrez nos bi\u00e8res, et<br \/>rejoignez une communaut\u00e9 qui c\u00e9l\u00e8bre le SMILE.<\/p>\n<p><!-- \/wp:paragraph --><\/p>\n<\/div>\n<p><!-- \/wp:group --><\/p>\n<\/div>\n<p><!-- \/wp:group --><!-- wp:paragraph --><\/p>\n<p><!-- \/wp:paragraph --><\/p>\t\t\t\t\t\t\t\t<\/div>\n\t\t\t\t\t<\/div>\n\t\t\t\t<\/div>\n\t\t\t\t<\/div>\n\t\t","protected":false},"excerpt":{"rendered":"<p>Bienvenue dans l&rsquo;univers des bonnes nouvelles ! Notre id\u00e9e notre id\u00e9al Cr\u00e9er notre journal diffus\u00e9 par le partage de notrebi\u00e8re D\u00e9couvrez notre journal qui c\u00e9l\u00e8bre le positif,accompagn\u00e9 de sa bi\u00e8re artisanale brass\u00e9e avecpassion. Parce que chaque bonne nouvelle m\u00e9rited\u2019\u00eatre c\u00e9l\u00e9br\u00e9e. Dans un monde satur\u00e9 d&rsquo;informations anxiog\u00e8nes,nous avons cr\u00e9\u00e9 un espace d\u00e9di\u00e9 aux bonnesnouvelles. Chaque journal<\/p><\/div>\n<div class=\"blog-btn\"><a href=\"https:\/\/bierebonnenouvelle.fr\/\" class=\"home-blog-btn\">Lire la suite<\/a><\/p>\n","protected":false},"author":1,"featured_media":124,"parent":0,"menu_order":0,"comment_status":"closed","ping_status":"closed","template":"","meta":{"footnotes":""},"class_list":["post-156","page","type-page","status-publish","has-post-thumbnail","hentry"],"_links":{"self":[{"href":"https:\/\/bierebonnenouvelle.fr\/index.php\/wp-json\/wp\/v2\/pages\/156","targetHints":{"allow":["GET"]}}],"collection":[{"href":"https:\/\/bierebonnenouvelle.fr\/index.php\/wp-json\/wp\/v2\/pages"}],"about":[{"href":"https:\/\/bierebonnenouvelle.fr\/index.php\/wp-json\/wp\/v2\/types\/page"}],"author":[{"embeddable":true,"href":"https:\/\/bierebonnenouvelle.fr\/index.php\/wp-json\/wp\/v2\/users\/1"}],"replies":[{"embeddable":true,"href":"https:\/\/bierebonnenouvelle.fr\/index.php\/wp-json\/wp\/v2\/comments?post=156"}],"version-history":[{"count":31,"href":"https:\/\/bierebonnenouvelle.fr\/index.php\/wp-json\/wp\/v2\/pages\/156\/revisions"}],"predecessor-version":[{"id":375,"href":"https:\/\/bierebonnenouvelle.fr\/index.php\/wp-json\/wp\/v2\/pages\/156\/revisions\/375"}],"wp:featuredmedia":[{"embeddable":true,"href":"https:\/\/bierebonnenouvelle.fr\/index.php\/wp-json\/wp\/v2\/media\/124"}],"wp:attachment":[{"href":"https:\/\/bierebonnenouvelle.fr\/index.php\/wp-json\/wp\/v2\/media?parent=156"}],"curies":[{"name":"wp","href":"https:\/\/api.w.org\/{rel}","templated":true}]}}